{"id":2,"date":"2021-04-17T15:10:05","date_gmt":"2021-04-17T13:10:05","guid":{"rendered":"http:\/\/isabel-ferenc.de?page_id=2"},"modified":"2025-07-24T15:14:49","modified_gmt":"2025-07-24T13:14:49","slug":"was-biete-ich","status":"publish","type":"page","link":"https:\/\/isabel-ferenc.de\/","title":{"rendered":"Weil ich lebe was ich  liebe"},"content":{"rendered":"\n<p class=\"has-text-align-center\">Stellen Sie sich vor Ihr Leben f\u00fchlt sich nicht mehr wie ein Balanceakt zwischen Familienleben, Verpflichtung und Job an &#8211; sondern wie ein F\u00fcllhorn der M\u00f6glichkeiten. <\/p>\n\n\n\n<p class=\"has-text-align-center\">Als erfahrene Mindset- und Lifestyle- Coachin unterst\u00fctze ich Sie dabei Ihre pers\u00f6nliche Freiheit zeitlich, mental und emotional zu maximieren. Ob im Kaffee, in der Natur oder bei Ihnen zu Hause, mein Coaching orientiert sich an Ihrem Lebensrhythmus und Wohlf\u00fchlort. <\/p>\n\n\n\n<p>Auch nach 25 Jahren Erfahrung in der Begleitung von Menschen brenne ich mit positiver Energie f\u00fcr die Neujustierung von pers\u00f6nlichen Mindsets. Spa\u00df am Prozess und die Freude im Augenblick der Klarheit und Selbstbestimmtheit in den Augen meiner Klientinnen zu erleben, wenn Raum f\u00fcr pers\u00f6nliche Freiheit geschaffen ist ist meine Triebfeder.<\/p>\n\n\n\n<p>           Schnappen sie sich Ihr Telefon und buchen Sie Ihr pers\u00f6nliches Ticket zu mehr Lebensqualit\u00e4t.<\/p>\n\n\n\n<p><\/p>\n","protected":false},"excerpt":{"rendered":"<p>Stellen Sie sich vor Ihr Leben f\u00fchlt sich nicht mehr wie ein Balanceakt zwischen Familienleben, Verpflichtung und Job an &#8211; sondern wie ein F\u00fcllhorn der M\u00f6glichkeiten. Als erfahrene Mindset- und Lifestyle- Coachin unterst\u00fctze ich Sie dabei Ihre pers\u00f6nliche Freiheit zeitlich, mental und emotional zu maximieren. Ob im Kaffee, in der Natur oder bei Ihnen zu [&hellip;]<\/p>\n","protected":false},"author":1,"featured_media":0,"parent":0,"menu_order":0,"comment_status":"closed","ping_status":"closed","template":"","meta":{"footnotes":""},"class_list":["post-2","page","type-page","status-publish","hentry"],"_links":{"self":[{"href":"https:\/\/isabel-ferenc.de\/index.php?rest_route=\/wp\/v2\/pages\/2","targetHints":{"allow":["GET"]}}],"collection":[{"href":"https:\/\/isabel-ferenc.de\/index.php?rest_route=\/wp\/v2\/pages"}],"about":[{"href":"https:\/\/isabel-ferenc.de\/index.php?rest_route=\/wp\/v2\/types\/page"}],"author":[{"embeddable":true,"href":"https:\/\/isabel-ferenc.de\/index.php?rest_route=\/wp\/v2\/users\/1"}],"replies":[{"embeddable":true,"href":"https:\/\/isabel-ferenc.de\/index.php?rest_route=%2Fwp%2Fv2%2Fcomments&post=2"}],"version-history":[{"count":149,"href":"https:\/\/isabel-ferenc.de\/index.php?rest_route=\/wp\/v2\/pages\/2\/revisions"}],"predecessor-version":[{"id":717,"href":"https:\/\/isabel-ferenc.de\/index.php?rest_route=\/wp\/v2\/pages\/2\/revisions\/717"}],"wp:attachment":[{"href":"https:\/\/isabel-ferenc.de\/index.php?rest_route=%2Fwp%2Fv2%2Fmedia&parent=2"}],"curies":[{"name":"wp","href":"https:\/\/api.w.org\/{rel}","templated":true}]}}