{"id":136,"date":"2021-04-24T10:36:50","date_gmt":"2021-04-24T08:36:50","guid":{"rendered":"https:\/\/isabel-ferenc.de\/?page_id=136"},"modified":"2025-07-24T16:08:12","modified_gmt":"2025-07-24T14:08:12","slug":"zu-mir","status":"publish","type":"page","link":"https:\/\/isabel-ferenc.de\/?page_id=136","title":{"rendered":"\u00dcber mich"},"content":{"rendered":"\n<p>Geboren 1977 in Berlin aufgewachsen in Potsdam, Hameln und Budapest<\/p>\n\n\n\n<p>Begonnen hat das Entdecken von Lebensentw\u00fcrfen als Jugendleiterin bei Ferienfreizeiten des DRK und m\u00fcndete in ein Studium der Erziehungswissenschaften. Beruflich startete ich in einer Mutter Kind Einrichtung und sp\u00e4ter in der Beratung von ganzen Familiensystemen durch. Ein Ausflug in die Psychoanalyse begleitet von Selbsterfahrung erweiterte dann den Horizont noch einmal. Im Kontaktstudium Coaching in der Hochschule Hannover habe ich 2019 bis 2020 meine Fertigkeiten und Methoden neu erprobt und weiter vervollst\u00e4ndigt. Ich lerne sehr gern hinzu, bin offen f\u00fcr Ideen und &#8222;Thinking out of the Box&#8220;.<\/p>\n\n\n\n<figure class=\"wp-block-image size-large is-style-default\"><img loading=\"lazy\" decoding=\"async\" width=\"819\" height=\"1024\" src=\"https:\/\/isabel-ferenc.de\/wp-content\/uploads\/2025\/07\/1000020002-819x1024.png\" alt=\"\" class=\"wp-image-718\" srcset=\"https:\/\/isabel-ferenc.de\/wp-content\/uploads\/2025\/07\/1000020002-819x1024.png 819w, https:\/\/isabel-ferenc.de\/wp-content\/uploads\/2025\/07\/1000020002-240x300.png 240w, https:\/\/isabel-ferenc.de\/wp-content\/uploads\/2025\/07\/1000020002-120x150.png 120w, https:\/\/isabel-ferenc.de\/wp-content\/uploads\/2025\/07\/1000020002-768x960.png 768w, https:\/\/isabel-ferenc.de\/wp-content\/uploads\/2025\/07\/1000020002.png 1080w\" sizes=\"auto, (max-width: 819px) 100vw, 819px\" \/><\/figure>\n\n\n\n<p><\/p>\n\n\n\n<div class=\"wp-block-group\"><div class=\"wp-block-group__inner-container is-layout-flow wp-block-group-is-layout-flow\"><\/div><\/div>\n","protected":false},"excerpt":{"rendered":"<p>Geboren 1977 in Berlin aufgewachsen in Potsdam, Hameln und Budapest Begonnen hat das Entdecken von Lebensentw\u00fcrfen als Jugendleiterin bei Ferienfreizeiten des DRK und m\u00fcndete in ein Studium der Erziehungswissenschaften. Beruflich startete ich in einer Mutter Kind Einrichtung und sp\u00e4ter in der Beratung von ganzen Familiensystemen durch. Ein Ausflug in die Psychoanalyse begleitet von Selbsterfahrung erweiterte [&hellip;]<\/p>\n","protected":false},"author":1,"featured_media":0,"parent":0,"menu_order":0,"comment_status":"closed","ping_status":"closed","template":"","meta":{"footnotes":""},"class_list":["post-136","page","type-page","status-publish","hentry"],"_links":{"self":[{"href":"https:\/\/isabel-ferenc.de\/index.php?rest_route=\/wp\/v2\/pages\/136","targetHints":{"allow":["GET"]}}],"collection":[{"href":"https:\/\/isabel-ferenc.de\/index.php?rest_route=\/wp\/v2\/pages"}],"about":[{"href":"https:\/\/isabel-ferenc.de\/index.php?rest_route=\/wp\/v2\/types\/page"}],"author":[{"embeddable":true,"href":"https:\/\/isabel-ferenc.de\/index.php?rest_route=\/wp\/v2\/users\/1"}],"replies":[{"embeddable":true,"href":"https:\/\/isabel-ferenc.de\/index.php?rest_route=%2Fwp%2Fv2%2Fcomments&post=136"}],"version-history":[{"count":25,"href":"https:\/\/isabel-ferenc.de\/index.php?rest_route=\/wp\/v2\/pages\/136\/revisions"}],"predecessor-version":[{"id":719,"href":"https:\/\/isabel-ferenc.de\/index.php?rest_route=\/wp\/v2\/pages\/136\/revisions\/719"}],"wp:attachment":[{"href":"https:\/\/isabel-ferenc.de\/index.php?rest_route=%2Fwp%2Fv2%2Fmedia&parent=136"}],"curies":[{"name":"wp","href":"https:\/\/api.w.org\/{rel}","templated":true}]}}